{"id":2855,"date":"2025-04-11T21:23:35","date_gmt":"2025-04-12T01:23:35","guid":{"rendered":"https:\/\/paddhawansuds.com\/?post_type=product&#038;p=2855"},"modified":"2026-02-24T10:18:45","modified_gmt":"2026-02-24T14:18:45","slug":"anime-sister","status":"publish","type":"product","link":"https:\/\/paddhawansuds.com\/en\/shop\/anime-sister\/","title":{"rendered":"Anim\u00e9 Sister"},"content":{"rendered":"<p><b>Anime bath bomb surprise!<\/b><\/p>\n<p><b>Hidden toy and secrets colors inside \ud83d\ude09<\/b><\/p>\n<p>NET WT\/PD NET 16.0oz<\/p>\n<p>&nbsp;<\/p>\n<p>&nbsp;<\/p>\n<p><small>INGR\u00c9DIENTS\/INGREDIENTS : bicarbonate de soude \/ sodium bicarbonate, acide 2-hydroxypropane-1,2,3-tricarboxylique, Prunus Armeniaca, SLSa, polyoxy\u00e9thyl\u00e8ne, monool\u00e9ate de sorbitan \/ sorbitan monooleate, Maranta arundinacea, bolus alba, bitartrate de potassium \/ sodium bitartrate, aqua, fragrance, colorant lake, colorant FD&amp;C, mica, bio-glitter, TOY\/JOUET<\/small><\/p>\n<p>&nbsp;<\/p>","protected":false},"excerpt":{"rendered":"<p>Bombe ANIME \u00e0 surprise! Farci d&rsquo;un jouet et de couleurs secr\u00e8tes.\u00a0 \ud83d\ude09 NET WT\/PD NET 16.0oz &nbsp; &nbsp; INGR\u00c9DIENTS\/INGREDIENTS : bicarbonate de soude \/ sodium bicarbonate, acide 2-hydroxypropane-1,2,3-tricarboxylique, Prunus Armeniaca, SLSa, polyoxy\u00e9thyl\u00e8ne, monool\u00e9ate de sorbitan \/ sorbitan monooleate, Maranta arundinacea, bolus alba, bitartrate de potassium \/ sodium bitartrate, aqua, fragrance, colorant lake, colorant FD&amp;C, mica, [&hellip;]<\/p>\n","protected":false},"featured_media":2862,"template":"","meta":[],"product_brand":[],"product_cat":[40],"product_tag":[],"class_list":{"0":"post-2855","1":"product","2":"type-product","3":"status-publish","4":"has-post-thumbnail","6":"product_cat-bath-bombs","8":"first","9":"instock","10":"featured","11":"taxable","12":"shipping-taxable","13":"purchasable","14":"product-type-variable"},"_links":{"self":[{"href":"https:\/\/paddhawansuds.com\/en\/wp-json\/wp\/v2\/product\/2855","targetHints":{"allow":["GET"]}}],"collection":[{"href":"https:\/\/paddhawansuds.com\/en\/wp-json\/wp\/v2\/product"}],"about":[{"href":"https:\/\/paddhawansuds.com\/en\/wp-json\/wp\/v2\/types\/product"}],"wp:featuredmedia":[{"embeddable":true,"href":"https:\/\/paddhawansuds.com\/en\/wp-json\/wp\/v2\/media\/2862"}],"wp:attachment":[{"href":"https:\/\/paddhawansuds.com\/en\/wp-json\/wp\/v2\/media?parent=2855"}],"wp:term":[{"taxonomy":"product_brand","embeddable":true,"href":"https:\/\/paddhawansuds.com\/en\/wp-json\/wp\/v2\/product_brand?post=2855"},{"taxonomy":"product_cat","embeddable":true,"href":"https:\/\/paddhawansuds.com\/en\/wp-json\/wp\/v2\/product_cat?post=2855"},{"taxonomy":"product_tag","embeddable":true,"href":"https:\/\/paddhawansuds.com\/en\/wp-json\/wp\/v2\/product_tag?post=2855"}],"curies":[{"name":"wp","href":"https:\/\/api.w.org\/{rel}","templated":true}]}}