{"id":2087,"date":"2023-02-25T10:50:14","date_gmt":"2023-02-25T14:50:14","guid":{"rendered":"https:\/\/paddhawansuds.com\/?post_type=product&#038;p=2087"},"modified":"2026-04-20T07:21:22","modified_gmt":"2026-04-20T11:21:22","slug":"poke","status":"publish","type":"product","link":"https:\/\/paddhawansuds.com\/en\/shop\/poke\/","title":{"rendered":"Pok\u00e9 Surprise"},"content":{"rendered":"<p><strong>Adorable!!! These bath bombs have a Pok\u00e9mon surprise toy inside!\u00a0<\/strong><\/p>\n<p><strong>Made with a delightful light and fresh fragrance - perfect for kids!!<\/strong><\/p>\n<pre id=\"tw-target-text\" class=\"tw-data-text tw-text-large tw-ta\" dir=\"ltr\" data-placeholder=\"Translation\"><\/pre>\n<p>&nbsp;<\/p>\n<p>&nbsp;<\/p>\n<p><small>INGREDIENTS : <small>sodium bicarbonate, 2-hydroxypropane-1,2,3-tricarboxylic acid, cannabis sativa, sodium lauryl sulfoacetate, polyoxyethylene, sorbitan monooleate, argilla, sodium bitartrate, fragrance, Pok\u00e9mon toy<small><\/small><\/small><\/small><\/p>\n<p>&nbsp;<\/p>","protected":false},"excerpt":{"rendered":"<p>Adorables!!! Voici des bombes \u00e0 bain avec un jouet cach\u00e9 \u00e0 l&rsquo;int\u00e9rieur.\u00a0 Fait avec une fragrance l\u00e9g\u00e8rte et frais, parfait pour les enfants! &nbsp; &nbsp; INGR\u00c9DIENTS : (bicarbonate de soude, acide 2-hydroxypropane-1,2,3-tricarboxylique, cannabis sativa, laurylsulfoac\u00e9tate de sodium, polyoxy\u00e9thyl\u00e8ne, monool\u00e9ate de sorbitan, argilla, bitartrate de potassium, fragrance, hamam\u00e9lis, jouet Pok\u00e9mon) &nbsp;<\/p>","protected":false},"featured_media":2202,"template":"","meta":[],"product_brand":[],"product_cat":[40],"product_tag":[],"class_list":{"0":"post-2087","1":"product","2":"type-product","3":"status-publish","4":"has-post-thumbnail","6":"product_cat-bath-bombs","8":"first","9":"instock","10":"featured","11":"taxable","12":"shipping-taxable","13":"purchasable","14":"product-type-variable"},"_links":{"self":[{"href":"https:\/\/paddhawansuds.com\/en\/wp-json\/wp\/v2\/product\/2087","targetHints":{"allow":["GET"]}}],"collection":[{"href":"https:\/\/paddhawansuds.com\/en\/wp-json\/wp\/v2\/product"}],"about":[{"href":"https:\/\/paddhawansuds.com\/en\/wp-json\/wp\/v2\/types\/product"}],"wp:featuredmedia":[{"embeddable":true,"href":"https:\/\/paddhawansuds.com\/en\/wp-json\/wp\/v2\/media\/2202"}],"wp:attachment":[{"href":"https:\/\/paddhawansuds.com\/en\/wp-json\/wp\/v2\/media?parent=2087"}],"wp:term":[{"taxonomy":"product_brand","embeddable":true,"href":"https:\/\/paddhawansuds.com\/en\/wp-json\/wp\/v2\/product_brand?post=2087"},{"taxonomy":"product_cat","embeddable":true,"href":"https:\/\/paddhawansuds.com\/en\/wp-json\/wp\/v2\/product_cat?post=2087"},{"taxonomy":"product_tag","embeddable":true,"href":"https:\/\/paddhawansuds.com\/en\/wp-json\/wp\/v2\/product_tag?post=2087"}],"curies":[{"name":"wp","href":"https:\/\/api.w.org\/{rel}","templated":true}]}}